{"id":308,"date":"2022-08-11T09:30:18","date_gmt":"2022-08-11T07:30:18","guid":{"rendered":"http:\/\/friedmann-preis.org.domainpreview.eu\/?page_id=308"},"modified":"2022-08-11T09:50:12","modified_gmt":"2022-08-11T07:50:12","slug":"impressum","status":"publish","type":"page","link":"https:\/\/www.friedmann-preis.org\/en\/impressum\/","title":{"rendered":"Legal Notice"},"content":{"rendered":"<div data-elementor-type=\"wp-page\" data-elementor-id=\"308\" class=\"elementor elementor-308\" data-elementor-post-type=\"page\">\n\t\t\t\t\t\t<section class=\"elementor-section elementor-top-section elementor-element elementor-element-d17c430 elementor-section-boxed elementor-section-height-default elementor-section-height-default\" data-id=\"d17c430\" data-element_type=\"section\" data-e-type=\"section\">\n\t\t\t\t\t\t<div class=\"elementor-container elementor-column-gap-default\">\n\t\t\t\t\t<div class=\"elementor-column elementor-col-100 elementor-top-column elementor-element elementor-element-1e3f74a\" data-id=\"1e3f74a\" data-element_type=\"column\" data-e-type=\"column\">\n\t\t\t<div class=\"elementor-widget-wrap elementor-element-populated\">\n\t\t\t\t\t\t<div class=\"elementor-element elementor-element-bceab0c elementor-widget elementor-widget-heading\" data-id=\"bceab0c\" data-element_type=\"widget\" data-e-type=\"widget\" data-widget_type=\"heading.default\">\n\t\t\t\t<div class=\"elementor-widget-container\">\n\t\t\t\t\t<h2 class=\"elementor-heading-title elementor-size-default\">Legal Notice<\/h2>\t\t\t\t<\/div>\n\t\t\t\t<\/div>\n\t\t\t\t<div class=\"elementor-element elementor-element-d67c20a elementor-widget elementor-widget-text-editor\" data-id=\"d67c20a\" data-element_type=\"widget\" data-e-type=\"widget\" data-widget_type=\"text-editor.default\">\n\t\t\t\t<div class=\"elementor-widget-container\">\n\t\t\t\t\t\t\t\t\t<p style=\"margin-bottom: 0.9rem; color: #47546b; font-family: -apple-system, BlinkMacSystemFont, 'Segoe UI', Roboto, 'Helvetica Neue', Arial, 'Noto Sans', sans-serif, 'Apple Color Emoji', 'Segoe UI Emoji', 'Segoe UI Symbol', 'Noto Color Emoji'; font-size: 14px; font-style: normal; font-weight: 400;\">ESRA Psychosoziales Zentrum<br>1020 Wien, Tempelgasse 5<br>Telefon: +43 1 214 90 14<br>Fax: +43 1 214 90 14-30<br>E-Mail:&nbsp;<a style=\"text-decoration-line: none;\" href=\"mailto:office@esra.at\">office@esra.at<\/a>&nbsp;<\/p>\n<p style=\"margin-bottom: 0.9rem; color: #47546b; font-family: -apple-system, BlinkMacSystemFont, 'Segoe UI', Roboto, 'Helvetica Neue', Arial, 'Noto Sans', sans-serif, 'Apple Color Emoji', 'Segoe UI Emoji', 'Segoe UI Symbol', 'Noto Color Emoji'; font-size: 14px; font-style: normal; font-weight: 400;\">\n<\/p><p style=\"margin-bottom: 0.9rem; color: #47546b; font-family: -apple-system, BlinkMacSystemFont, 'Segoe UI', Roboto, 'Helvetica Neue', Arial, 'Noto Sans', sans-serif, 'Apple Color Emoji', 'Segoe UI Emoji', 'Segoe UI Symbol', 'Noto Color Emoji'; font-size: 14px; font-style: normal; font-weight: 400;\">DVR-Nr. 0782203<br>ZVR: 533955849&nbsp;<\/p>\n<p style=\"margin-bottom: 0.9rem; color: #47546b; font-family: -apple-system, BlinkMacSystemFont, 'Segoe UI', Roboto, 'Helvetica Neue', Arial, 'Noto Sans', sans-serif, 'Apple Color Emoji', 'Segoe UI Emoji', 'Segoe UI Symbol', 'Noto Color Emoji'; font-size: 14px; font-style: normal; font-weight: 400;\">\n<\/p><h3 style=\"margin-top: 0.5rem; margin-bottom: 1rem; font-family: -apple-system, BlinkMacSystemFont, 'Segoe UI', Roboto, 'Helvetica Neue', Arial, 'Noto Sans', sans-serif, 'Apple Color Emoji', 'Segoe UI Emoji', 'Segoe UI Symbol', 'Noto Color Emoji'; font-weight: 900; line-height: 1.2; font-size: 16px; font-style: normal;\">Bankverbindung<\/h3>\n<p style=\"margin-bottom: 0.9rem; color: #47546b; font-family: -apple-system, BlinkMacSystemFont, 'Segoe UI', Roboto, 'Helvetica Neue', Arial, 'Noto Sans', sans-serif, 'Apple Color Emoji', 'Segoe UI Emoji', 'Segoe UI Symbol', 'Noto Color Emoji'; font-size: 14px; font-style: normal; font-weight: 400;\">\n<\/p><p style=\"margin-bottom: 0.9rem; color: #47546b; font-family: -apple-system, BlinkMacSystemFont, 'Segoe UI', Roboto, 'Helvetica Neue', Arial, 'Noto Sans', sans-serif, 'Apple Color Emoji', 'Segoe UI Emoji', 'Segoe UI Symbol', 'Noto Color Emoji'; font-size: 14px; font-style: normal; font-weight: 400;\">ESRA Psychosoziales Zentrum<br>Bank Austria<br>Kontonummer: 684 145 600<br>Bankleitzahl: 20151<br>IBAN: AT72 1200 0006 8414 5600<br>BIC: BKAUATWW<\/p>\n<p style=\"margin-bottom: 0.9rem; color: #47546b; font-family: -apple-system, BlinkMacSystemFont, 'Segoe UI', Roboto, 'Helvetica Neue', Arial, 'Noto Sans', sans-serif, 'Apple Color Emoji', 'Segoe UI Emoji', 'Segoe UI Symbol', 'Noto Color Emoji'; font-size: 14px; font-style: normal; font-weight: 400;\">\n<\/p><p style=\"margin-bottom: 0.9rem; color: #47546b; font-family: -apple-system, BlinkMacSystemFont, 'Segoe UI', Roboto, 'Helvetica Neue', Arial, 'Noto Sans', sans-serif, 'Apple Color Emoji', 'Segoe UI Emoji', 'Segoe UI Symbol', 'Noto Color Emoji'; font-size: 14px; font-style: normal; font-weight: 400;\">Der Verein ESRA ist Inhaber der Website&nbsp;<a style=\"text-decoration-line: none;\" href=\"https:\/\/www.esra.at\/\" target=\"_blank\" rel=\"noreferrer noopener\">http:\/\/friedmann-preis.org.domainpreview.eu\/<\/a>&nbsp;und f\u00fcr deren Inhalt verantwortlich. S\u00e4mtliche Dienstleistungen dieser Publikation, wie sie im Moment ist, werden ohne jegliche Garantien zur Verf\u00fcgung gestellt.<\/p>\n<p style=\"margin-bottom: 0.9rem; color: #47546b; font-family: -apple-system, BlinkMacSystemFont, 'Segoe UI', Roboto, 'Helvetica Neue', Arial, 'Noto Sans', sans-serif, 'Apple Color Emoji', 'Segoe UI Emoji', 'Segoe UI Symbol', 'Noto Color Emoji'; font-size: 14px; font-style: normal; font-weight: 400;\">\n<\/p><p style=\"margin-bottom: 0.9rem; color: #47546b; font-family: -apple-system, BlinkMacSystemFont, 'Segoe UI', Roboto, 'Helvetica Neue', Arial, 'Noto Sans', sans-serif, 'Apple Color Emoji', 'Segoe UI Emoji', 'Segoe UI Symbol', 'Noto Color Emoji'; font-size: 14px; font-style: normal; font-weight: 400;\"><span style=\"font-weight: bolder;\">Copyright<\/span>&nbsp;\u00a9&nbsp;<span style=\"font-weight: bolder;\">Texte, Darstellungen<\/span>&nbsp;(wenn nicht anders vermerkt): <a href=\"http:\/\/www.esra.at\">www.esra.at<\/a><\/p>\n<p style=\"margin-bottom: 0.9rem; color: #47546b; font-family: -apple-system, BlinkMacSystemFont, 'Segoe UI', Roboto, 'Helvetica Neue', Arial, 'Noto Sans', sans-serif, 'Apple Color Emoji', 'Segoe UI Emoji', 'Segoe UI Symbol', 'Noto Color Emoji'; font-size: 14px; font-style: normal; font-weight: 400;\">\n<\/p><p style=\"margin-bottom: 0.9rem; color: #47546b; font-family: -apple-system, BlinkMacSystemFont, 'Segoe UI', Roboto, 'Helvetica Neue', Arial, 'Noto Sans', sans-serif, 'Apple Color Emoji', 'Segoe UI Emoji', 'Segoe UI Symbol', 'Noto Color Emoji'; font-size: 14px; font-style: normal; font-weight: 400;\"><span style=\"font-weight: bolder;\">Rechtshinweis:<\/span>&nbsp;ESRA \u00fcbernimmt keine Verantwortung f\u00fcr die Rechtm\u00e4\u00dfigkeit der auf anderen von uns durch Links referenzierten Websites ver\u00f6ffentlichten Inhalte. F\u00fcr die Inhalte sind ausschlie\u00dflich die jeweiligen Betreiber bzw. Inhaber der Domains selbst verantwortlich. ESRA \u00fcbernimmt keine Haftung f\u00fcr Sch\u00e4den, die aus der Benutzung dieser oder fremder Websites entstehen k\u00f6nnten.<\/p>\t\t\t\t\t\t\t\t<\/div>\n\t\t\t\t<\/div>\n\t\t\t\t\t<\/div>\n\t\t<\/div>\n\t\t\t\t\t<\/div>\n\t\t<\/section>\n\t\t\t\t<\/div>","protected":false},"excerpt":{"rendered":"<p>Impressum ESRA Psychosoziales Zentrum1020 Wien, Tempelgasse 5Telefon: +43 1 214 90 14Fax: +43 1 214 90 14-30E-Mail:&nbsp;office@esra.at&nbsp; DVR-Nr. 0782203ZVR: 533955849&nbsp; Bankverbindung ESRA Psychosoziales ZentrumBank AustriaKontonummer: 684 145 600Bankleitzahl: 20151IBAN: AT72 1200 0006 8414 5600BIC: BKAUATWW Der Verein ESRA ist Inhaber der Website&nbsp;http:\/\/friedmann-preis.org.domainpreview.eu\/&nbsp;und f\u00fcr deren Inhalt verantwortlich. S\u00e4mtliche Dienstleistungen dieser Publikation, wie sie im Moment ist, [&hellip;]<\/p>\n","protected":false},"author":1,"featured_media":0,"parent":0,"menu_order":0,"comment_status":"closed","ping_status":"closed","template":"","meta":{"site-sidebar-layout":"no-sidebar","site-content-layout":"page-builder","ast-site-content-layout":"default","site-content-style":"default","site-sidebar-style":"default","ast-global-header-display":"","ast-banner-title-visibility":"","ast-main-header-display":"","ast-hfb-above-header-display":"","ast-hfb-below-header-display":"","ast-hfb-mobile-header-display":"","site-post-title":"disabled","ast-breadcrumbs-content":"","ast-featured-img":"disabled","footer-sml-layout":"","ast-disable-related-posts":"","theme-transparent-header-meta":"","adv-header-id-meta":"","stick-header-meta":"","header-above-stick-meta":"","header-main-stick-meta":"","header-below-stick-meta":"","astra-migrate-meta-layouts":"default","ast-page-background-enabled":"default","ast-page-background-meta":{"desktop":{"background-color":"var(--ast-global-color-4)","background-image":"","background-repeat":"repeat","background-position":"center center","background-size":"auto","background-attachment":"scroll","background-type":"","background-media":"","overlay-type":"","overlay-color":"","overlay-opacity":"","overlay-gradient":""},"tablet":{"background-color":"","background-image":"","background-repeat":"repeat","background-position":"center center","background-size":"auto","background-attachment":"scroll","background-type":"","background-media":"","overlay-type":"","overlay-color":"","overlay-opacity":"","overlay-gradient":""},"mobile":{"background-color":"","background-image":"","background-repeat":"repeat","background-position":"center center","background-size":"auto","background-attachment":"scroll","background-type":"","background-media":"","overlay-type":"","overlay-color":"","overlay-opacity":"","overlay-gradient":""}},"ast-content-background-meta":{"desktop":{"background-color":"var(--ast-global-color-5)","background-image":"","background-repeat":"repeat","background-position":"center center","background-size":"auto","background-attachment":"scroll","background-type":"","background-media":"","overlay-type":"","overlay-color":"","overlay-opacity":"","overlay-gradient":""},"tablet":{"background-color":"var(--ast-global-color-5)","background-image":"","background-repeat":"repeat","background-position":"center center","background-size":"auto","background-attachment":"scroll","background-type":"","background-media":"","overlay-type":"","overlay-color":"","overlay-opacity":"","overlay-gradient":""},"mobile":{"background-color":"var(--ast-global-color-5)","background-image":"","background-repeat":"repeat","background-position":"center center","background-size":"auto","background-attachment":"scroll","background-type":"","background-media":"","overlay-type":"","overlay-color":"","overlay-opacity":"","overlay-gradient":""}},"footnotes":""},"class_list":["post-308","page","type-page","status-publish","hentry"],"_links":{"self":[{"href":"https:\/\/www.friedmann-preis.org\/en\/wp-json\/wp\/v2\/pages\/308","targetHints":{"allow":["GET"]}}],"collection":[{"href":"https:\/\/www.friedmann-preis.org\/en\/wp-json\/wp\/v2\/pages"}],"about":[{"href":"https:\/\/www.friedmann-preis.org\/en\/wp-json\/wp\/v2\/types\/page"}],"author":[{"embeddable":true,"href":"https:\/\/www.friedmann-preis.org\/en\/wp-json\/wp\/v2\/users\/1"}],"replies":[{"embeddable":true,"href":"https:\/\/www.friedmann-preis.org\/en\/wp-json\/wp\/v2\/comments?post=308"}],"version-history":[{"count":10,"href":"https:\/\/www.friedmann-preis.org\/en\/wp-json\/wp\/v2\/pages\/308\/revisions"}],"predecessor-version":[{"id":331,"href":"https:\/\/www.friedmann-preis.org\/en\/wp-json\/wp\/v2\/pages\/308\/revisions\/331"}],"wp:attachment":[{"href":"https:\/\/www.friedmann-preis.org\/en\/wp-json\/wp\/v2\/media?parent=308"}],"curies":[{"name":"wp","href":"https:\/\/api.w.org\/{rel}","templated":true}]}}