{"id":310,"date":"2022-08-11T09:30:42","date_gmt":"2022-08-11T07:30:42","guid":{"rendered":"http:\/\/friedmann-preis.org.domainpreview.eu\/?page_id=310"},"modified":"2022-08-11T10:38:00","modified_gmt":"2022-08-11T08:38:00","slug":"datenschutz","status":"publish","type":"page","link":"https:\/\/www.friedmann-preis.org\/en\/datenschutz\/","title":{"rendered":"Privacy Policy"},"content":{"rendered":"<div data-elementor-type=\"wp-page\" data-elementor-id=\"310\" class=\"elementor elementor-310\" data-elementor-post-type=\"page\">\n\t\t\t\t\t\t<section class=\"elementor-section elementor-top-section elementor-element elementor-element-a698bb9 elementor-section-boxed elementor-section-height-default elementor-section-height-default\" data-id=\"a698bb9\" data-element_type=\"section\" data-e-type=\"section\">\n\t\t\t\t\t\t<div class=\"elementor-container elementor-column-gap-default\">\n\t\t\t\t\t<div class=\"elementor-column elementor-col-100 elementor-top-column elementor-element elementor-element-43a2324\" data-id=\"43a2324\" data-element_type=\"column\" data-e-type=\"column\">\n\t\t\t<div class=\"elementor-widget-wrap elementor-element-populated\">\n\t\t\t\t\t\t<div class=\"elementor-element elementor-element-77d6632 elementor-widget elementor-widget-heading\" data-id=\"77d6632\" data-element_type=\"widget\" data-e-type=\"widget\" data-widget_type=\"heading.default\">\n\t\t\t\t<div class=\"elementor-widget-container\">\n\t\t\t\t\t<h3 class=\"elementor-heading-title elementor-size-default\">Privacy Policy<\/h3>\t\t\t\t<\/div>\n\t\t\t\t<\/div>\n\t\t\t\t<div class=\"elementor-element elementor-element-5f78223 elementor-widget elementor-widget-text-editor\" data-id=\"5f78223\" data-element_type=\"widget\" data-e-type=\"widget\" data-widget_type=\"text-editor.default\">\n\t\t\t\t<div class=\"elementor-widget-container\">\n\t\t\t\t\t\t\t\t\t<p style=\"margin-bottom: 0.9rem; color: #47546b; font-family: -apple-system, BlinkMacSystemFont, 'Segoe UI', Roboto, 'Helvetica Neue', Arial, 'Noto Sans', sans-serif, 'Apple Color Emoji', 'Segoe UI Emoji', 'Segoe UI Symbol', 'Noto Color Emoji'; font-size: 14px; font-style: normal; font-weight: 400;\"><span style=\"background-color: var(--ast-global-color-5);\">Verantwortlich f\u00fcr die Datenverarbeitung:&nbsp; &nbsp; &nbsp; &nbsp; &nbsp; &nbsp; &nbsp; &nbsp;<\/span><br><\/p>\n<p style=\"margin-bottom: 0.9rem; color: #47546b; font-family: -apple-system, BlinkMacSystemFont, 'Segoe UI', Roboto, 'Helvetica Neue', Arial, 'Noto Sans', sans-serif, 'Apple Color Emoji', 'Segoe UI Emoji', 'Segoe UI Symbol', 'Noto Color Emoji'; font-size: 14px; font-style: normal; font-weight: 400;\">ESRA Psychosoziales Zentrum<br>1020 Wien, Tempelgasse 5<br>Telefon: +43 1 214 90 14<br>E-Mail:&nbsp;<a style=\"text-decoration-line: none;\" href=\"mailto:datenschutz@esra.at\">datenschutz@esra.at<\/a><br>Homepage:&nbsp;<a style=\"text-decoration-line: none;\" href=\"http:\/\/friedmann-preis.org.domainpreview.eu\/\" target=\"_blank\" rel=\"noreferrer noopener\">http:\/\/friedmann-preis.org.domainpreview.eu\/<\/a>&nbsp;<\/p>\n<p style=\"margin-bottom: 0.9rem; color: #47546b; font-family: -apple-system, BlinkMacSystemFont, 'Segoe UI', Roboto, 'Helvetica Neue', Arial, 'Noto Sans', sans-serif, 'Apple Color Emoji', 'Segoe UI Emoji', 'Segoe UI Symbol', 'Noto Color Emoji'; font-size: 14px; font-style: normal; font-weight: 400;\">\n<\/p><p style=\"margin-bottom: 0.9rem; color: #47546b; font-family: -apple-system, BlinkMacSystemFont, 'Segoe UI', Roboto, 'Helvetica Neue', Arial, 'Noto Sans', sans-serif, 'Apple Color Emoji', 'Segoe UI Emoji', 'Segoe UI Symbol', 'Noto Color Emoji'; font-size: 14px; font-style: normal; font-weight: 400;\">Die Kontaktdaten des Datenschutzbeauftragten lauten:<br>Mag. Markus D\u00f6rfler, LL.MM.<br>p.a. H\u00f6hne, In der Maur &amp; Partner&nbsp;<br>Rechtsanw\u00e4lte GmbH &amp; CO KG<br>Mariahilfer Stra\u00dfe 20, 1070 Wien<br>Telefon: +43 1 521 75-41<br>E-Mail:&nbsp;<a style=\"text-decoration-line: none;\" href=\"mailto:datenschutzbeauftragter@h-i-p.at\">datenschutzbeauftragter@h-i-p.at<\/a><br>Homepage:&nbsp;<a style=\"text-decoration-line: none;\" href=\"https:\/\/h-i-p.at\/\">www.h-i-p.at<\/a><\/p>\n<p style=\"margin-bottom: 0.9rem; color: #47546b; font-family: -apple-system, BlinkMacSystemFont, 'Segoe UI', Roboto, 'Helvetica Neue', Arial, 'Noto Sans', sans-serif, 'Apple Color Emoji', 'Segoe UI Emoji', 'Segoe UI Symbol', 'Noto Color Emoji'; font-size: 14px; font-style: normal; font-weight: 400;\">Wir verarbeiten personenbezogene Daten von PatientInnen und KlientInnen wie folgt:<\/p>\n<p style=\"margin-bottom: 0.9rem; color: #47546b; font-family: -apple-system, BlinkMacSystemFont, 'Segoe UI', Roboto, 'Helvetica Neue', Arial, 'Noto Sans', sans-serif, 'Apple Color Emoji', 'Segoe UI Emoji', 'Segoe UI Symbol', 'Noto Color Emoji'; font-size: 14px; font-style: normal; font-weight: 400;\">Im Rahmen der Gesch\u00e4ftsbeziehung werden folgende von Ihnen zur Verf\u00fcgung gestellten Daten verarbeitet: Stammdaten inkl. Kontaktinformationen (etwa Adresse, Tel, Mail, Fax), Bankverbindungsdaten.<br><br><\/p>\n<p style=\"margin-bottom: 0.9rem; color: #47546b; font-family: -apple-system, BlinkMacSystemFont, 'Segoe UI', Roboto, 'Helvetica Neue', Arial, 'Noto Sans', sans-serif, 'Apple Color Emoji', 'Segoe UI Emoji', 'Segoe UI Symbol', 'Noto Color Emoji'; font-size: 14px; font-style: normal; font-weight: 400;\">\n<\/p><p><strong>Allgemeine Datenverarbeitung im Rahmen des Gesch\u00e4ftsverh\u00e4ltnisses<\/strong><\/p>\n<p style=\"margin-bottom: 0.9rem; color: #47546b; font-family: -apple-system, BlinkMacSystemFont, 'Segoe UI', Roboto, 'Helvetica Neue', Arial, 'Noto Sans', sans-serif, 'Apple Color Emoji', 'Segoe UI Emoji', 'Segoe UI Symbol', 'Noto Color Emoji'; font-size: 14px; font-style: normal; font-weight: 400;\">\n<\/p><p style=\"margin-bottom: 0.9rem; color: #47546b; font-family: -apple-system, BlinkMacSystemFont, 'Segoe UI', Roboto, 'Helvetica Neue', Arial, 'Noto Sans', sans-serif, 'Apple Color Emoji', 'Segoe UI Emoji', 'Segoe UI Symbol', 'Noto Color Emoji'; font-size: 14px; font-style: normal; font-weight: 400;\">Die Verarbeitung von Daten erfolgt zur Erf\u00fcllung eines Vertragsverh\u00e4ltnisses bzw. beruht auf einer gesetzlichen Grundlage im Rahmen einer Gesch\u00e4ftsbeziehung (bzw. zur Abwicklung dieser).&nbsp;Die Verarbeitung Ihrer Daten erfolgt f\u00fcr die formale Behandlung der von uns zu besorgenden Gesch\u00e4ftsf\u00e4lle, f\u00fcr die Pr\u00fcfung und Evaluierung, ob die Patientenzufriedenheit gegeben ist und zur Beurteilung der Qualit\u00e4t der genutzten Services f\u00fcr medizinische Behandlungen, f\u00fcr die Beratung und Betreuung und die F\u00fchrung der Krankengeschichte zur Erf\u00fcllung der Dokumentationspflicht gem\u00e4\u00df \u00a7 10 Krankenanstalten- und Kuranstaltengesetz.<\/p>\n<p style=\"margin-bottom: 0.9rem; color: #47546b; font-family: -apple-system, BlinkMacSystemFont, 'Segoe UI', Roboto, 'Helvetica Neue', Arial, 'Noto Sans', sans-serif, 'Apple Color Emoji', 'Segoe UI Emoji', 'Segoe UI Symbol', 'Noto Color Emoji'; font-size: 14px; font-style: normal; font-weight: 400;\">Die \u00dcbermittlung der im jeweiligen Einzelfall relevanten Daten beruht auf einer gesetzlichen Grundlage bzw. zur Erf\u00fcllung eines Vertragsverh\u00e4ltnisses. Dar\u00fcber hinaus erfolgt die \u00dcbermittlung an folgende Kategorien von \u00dcbermittlungsempf\u00e4nger:<\/p>\n<ul style=\"margin-bottom: 0px; font-size: 14px; background-image: initial; background-position: initial; background-size: initial; background-repeat: initial; background-attachment: initial; background-origin: initial; background-clip: initial; color: #47546b; font-family: -apple-system, BlinkMacSystemFont, 'Segoe UI', Roboto, 'Helvetica Neue', Arial, 'Noto Sans', sans-serif, 'Apple Color Emoji', 'Segoe UI Emoji', 'Segoe UI Symbol', 'Noto Color Emoji'; font-style: normal; font-weight: 400;\">\n<li style=\"font-size: 14px; background: transparent;\">Banken<\/li>\n<li style=\"font-size: 14px; background: transparent;\">Rechtsvertreter<\/li>\n<li style=\"font-size: 14px; background: transparent;\">Wirtschaftstreuh\u00e4nder, Wirtschaftspr\u00fcfer&nbsp;<br>und Steuerberater<\/li>\n<li style=\"font-size: 14px; background: transparent;\">Gerichte<\/li>\n<li style=\"font-size: 14px; background: transparent;\">Zust\u00e4ndige Verwaltungsbeh\u00f6rden<\/li>\n<li style=\"font-size: 14px; background: transparent;\">Inkassounternehmen<\/li>\n<li style=\"font-size: 14px; background: transparent;\">Fremdfinanzierer<\/li>\n<li style=\"font-size: 14px; background: transparent;\">Vertrags- und Gesch\u00e4ftspartner<\/li>\n<li style=\"font-size: 14px; background: transparent;\">Versicherungen<\/li>\n<li style=\"font-size: 14px; background: transparent;\">Statistik \u00d6sterreich<\/li>\n<li style=\"font-size: 14px; background: transparent;\">Transportunternehmen<\/li>\n<li style=\"font-size: 14px; background: transparent;\">Lieferanten<\/li>\n<li style=\"font-size: 14px; background: transparent;\">\u00c4rztInnen, Krankenh\u00e4user, Ambulatorien,<br>Labore, Physiotherapeuten,&nbsp;Pflegeheime<\/li>\n<li style=\"font-size: 14px; background: transparent;\">Apotheken, Gesundheitsdiensteanbieter, nicht-\u00e4rztliche Gesundheitsberufe<br><br><\/li>\n<\/ul>\n<h3 style=\"margin-top: 0.5rem; margin-bottom: 1rem; font-family: -apple-system, BlinkMacSystemFont, 'Segoe UI', Roboto, 'Helvetica Neue', Arial, 'Noto Sans', sans-serif, 'Apple Color Emoji', 'Segoe UI Emoji', 'Segoe UI Symbol', 'Noto Color Emoji'; font-weight: 900; line-height: 1.2; font-size: 16px; font-style: normal;\"><span style=\"font-weight: bolder;\">Datenverarbeitung f\u00fcr die Abwicklung von Veranstaltungen<\/span><\/h3>\n<p style=\"margin-bottom: 0.9rem; color: #47546b; font-family: -apple-system, BlinkMacSystemFont, 'Segoe UI', Roboto, 'Helvetica Neue', Arial, 'Noto Sans', sans-serif, 'Apple Color Emoji', 'Segoe UI Emoji', 'Segoe UI Symbol', 'Noto Color Emoji'; font-size: 14px; font-style: normal; font-weight: 400;\">Die Verarbeitung der Daten erfolgt auf Grundlage Ihrer Einwilligung sowie zur Erf\u00fcllung eines Vertragsverh\u00e4ltnisses sofern Sie bei unseren Veranstaltungen teilnehmen, f\u00fcr die Organisation und Umsetzung der jeweiligen Veranstaltung.<br><br><\/p>\n<h3 style=\"margin-top: 0.5rem; margin-bottom: 1rem; font-family: -apple-system, BlinkMacSystemFont, 'Segoe UI', Roboto, 'Helvetica Neue', Arial, 'Noto Sans', sans-serif, 'Apple Color Emoji', 'Segoe UI Emoji', 'Segoe UI Symbol', 'Noto Color Emoji'; font-weight: 900; line-height: 1.2; font-size: 16px; font-style: normal;\"><span style=\"font-weight: bolder;\">Weitere Informationen:<\/span><\/h3>\n<p style=\"margin-bottom: 0.9rem; color: #47546b; font-family: -apple-system, BlinkMacSystemFont, 'Segoe UI', Roboto, 'Helvetica Neue', Arial, 'Noto Sans', sans-serif, 'Apple Color Emoji', 'Segoe UI Emoji', 'Segoe UI Symbol', 'Noto Color Emoji'; font-size: 14px; font-style: normal; font-weight: 400;\">Die betroffene Person hat das Recht auf Auskunft \u00fcber die gespeicherten Daten gem\u00e4\u00df Art 15 DSGVO, auf Berichtigung unzutreffender Daten gem\u00e4\u00df Art 16 DSGVO, auf L\u00f6schung von Daten gem\u00e4\u00df Art 17 DSGVO, auf Einschr\u00e4nkung der Verarbeitung von Daten gem\u00e4\u00df Art 18 DSGVO, auf Widerspruch gegen die unzumutbare Datenverarbeitung gem\u00e4\u00df Art 21 DSGVO sowie auf Daten\u00fcbertragbarkeit gem\u00e4\u00df Art 20 DSGVO.<\/p>\n<p style=\"margin-bottom: 0.9rem; color: #47546b; font-family: -apple-system, BlinkMacSystemFont, 'Segoe UI', Roboto, 'Helvetica Neue', Arial, 'Noto Sans', sans-serif, 'Apple Color Emoji', 'Segoe UI Emoji', 'Segoe UI Symbol', 'Noto Color Emoji'; font-size: 14px; font-style: normal; font-weight: 400;\">Sofern die Verarbeitung aufgrund einer Einwilligungserkl\u00e4rung erfolgt, hat die betroffene Person die M\u00f6glichkeit, diese jederzeit zu widerrufen, ohne dass die Rechtm\u00e4\u00dfigkeit der aufgrund der Einwilligung bis zum Widerruf erfolgten Verarbeitung ber\u00fchrt wird.<\/p>\n<p style=\"margin-bottom: 0.9rem; color: #47546b; font-family: -apple-system, BlinkMacSystemFont, 'Segoe UI', Roboto, 'Helvetica Neue', Arial, 'Noto Sans', sans-serif, 'Apple Color Emoji', 'Segoe UI Emoji', 'Segoe UI Symbol', 'Noto Color Emoji'; font-size: 14px; font-style: normal; font-weight: 400;\">Der Betroffene hat das Recht, sich bei der Aufsichtsbeh\u00f6rde zu beschweren \u2013 zust\u00e4ndig ist in \u00d6sterreich die Datenschutzbeh\u00f6rde. Die Anschrift lautet:<\/p>\n<p style=\"margin-bottom: 0.9rem; color: #47546b; font-family: -apple-system, BlinkMacSystemFont, 'Segoe UI', Roboto, 'Helvetica Neue', Arial, 'Noto Sans', sans-serif, 'Apple Color Emoji', 'Segoe UI Emoji', 'Segoe UI Symbol', 'Noto Color Emoji'; font-size: 14px; font-style: normal; font-weight: 400;\">\u00d6sterreichische Datenschutzbeh\u00f6rde<br>Barichgasse 40-42<br>1030 Wien<br>Telefon: +43 1 52 152-0<br>E-Mail:&nbsp;<a style=\"text-decoration-line: none;\" href=\"mailto:dsb@dsb.gv.at\">dsb@dsb.gv.at<\/a><\/p>\n<p style=\"margin-bottom: 0.9rem; color: #47546b; font-family: -apple-system, BlinkMacSystemFont, 'Segoe UI', Roboto, 'Helvetica Neue', Arial, 'Noto Sans', sans-serif, 'Apple Color Emoji', 'Segoe UI Emoji', 'Segoe UI Symbol', 'Noto Color Emoji'; font-size: 14px; font-style: normal; font-weight: 400;\">Wir geben im Rahmen der Erhebung der Daten bekannt, sollte die Bereitstellung der personenbezogenen Daten f\u00fcr die betroffene Person gesetzlich oder vertraglich vorgeschrieben oder f\u00fcr einen Vertragsabschluss erforderlich sein. Gleichzeitig geben wir bekannt, ob die betroffene Person verpflichtet ist, die personenbezogenen Daten bereitzustellen und welche m\u00f6glichen Folgen die Nichtbereitstellung h\u00e4tte.<\/p>\n<p style=\"margin-bottom: 0.9rem; color: #47546b; font-family: -apple-system, BlinkMacSystemFont, 'Segoe UI', Roboto, 'Helvetica Neue', Arial, 'Noto Sans', sans-serif, 'Apple Color Emoji', 'Segoe UI Emoji', 'Segoe UI Symbol', 'Noto Color Emoji'; font-size: 14px; font-style: normal; font-weight: 400;\">Eine automatisierte Entscheidungsfindung einschlie\u00dflich Profiling erfolgt nicht. Sollten personenbezogenen Daten f\u00fcr einen anderen Zweck verarbeitet werden als den, f\u00fcr den die personenbezogenen Daten erhoben wurden, haben wir diese Informationen \u00fcber diesen anderen Zweck der betroffenen Person bekanntgegeben.<\/p>\t\t\t\t\t\t\t\t<\/div>\n\t\t\t\t<\/div>\n\t\t\t\t\t<\/div>\n\t\t<\/div>\n\t\t\t\t\t<\/div>\n\t\t<\/section>\n\t\t\t\t<\/div>","protected":false},"excerpt":{"rendered":"<p>Datenschutz Verantwortlich f\u00fcr die Datenverarbeitung:&nbsp; &nbsp; &nbsp; &nbsp; &nbsp; &nbsp; &nbsp; &nbsp; ESRA Psychosoziales Zentrum1020 Wien, Tempelgasse 5Telefon: +43 1 214 90 14E-Mail:&nbsp;datenschutz@esra.atHomepage:&nbsp;http:\/\/friedmann-preis.org.domainpreview.eu\/&nbsp; Die Kontaktdaten des Datenschutzbeauftragten lauten:Mag. Markus D\u00f6rfler, LL.MM.p.a. H\u00f6hne, In der Maur &amp; Partner&nbsp;Rechtsanw\u00e4lte GmbH &amp; CO KGMariahilfer Stra\u00dfe 20, 1070 WienTelefon: +43 1 521 75-41E-Mail:&nbsp;datenschutzbeauftragter@h-i-p.atHomepage:&nbsp;www.h-i-p.at Wir verarbeiten personenbezogene Daten von PatientInnen [&hellip;]<\/p>\n","protected":false},"author":1,"featured_media":0,"parent":0,"menu_order":0,"comment_status":"closed","ping_status":"closed","template":"","meta":{"site-sidebar-layout":"no-sidebar","site-content-layout":"page-builder","ast-site-content-layout":"default","site-content-style":"default","site-sidebar-style":"default","ast-global-header-display":"","ast-banner-title-visibility":"","ast-main-header-display":"","ast-hfb-above-header-display":"","ast-hfb-below-header-display":"","ast-hfb-mobile-header-display":"","site-post-title":"disabled","ast-breadcrumbs-content":"","ast-featured-img":"disabled","footer-sml-layout":"","ast-disable-related-posts":"","theme-transparent-header-meta":"","adv-header-id-meta":"","stick-header-meta":"","header-above-stick-meta":"","header-main-stick-meta":"","header-below-stick-meta":"","astra-migrate-meta-layouts":"default","ast-page-background-enabled":"default","ast-page-background-meta":{"desktop":{"background-color":"var(--ast-global-color-4)","background-image":"","background-repeat":"repeat","background-position":"center center","background-size":"auto","background-attachment":"scroll","background-type":"","background-media":"","overlay-type":"","overlay-color":"","overlay-opacity":"","overlay-gradient":""},"tablet":{"background-color":"","background-image":"","background-repeat":"repeat","background-position":"center center","background-size":"auto","background-attachment":"scroll","background-type":"","background-media":"","overlay-type":"","overlay-color":"","overlay-opacity":"","overlay-gradient":""},"mobile":{"background-color":"","background-image":"","background-repeat":"repeat","background-position":"center center","background-size":"auto","background-attachment":"scroll","background-type":"","background-media":"","overlay-type":"","overlay-color":"","overlay-opacity":"","overlay-gradient":""}},"ast-content-background-meta":{"desktop":{"background-color":"var(--ast-global-color-5)","background-image":"","background-repeat":"repeat","background-position":"center center","background-size":"auto","background-attachment":"scroll","background-type":"","background-media":"","overlay-type":"","overlay-color":"","overlay-opacity":"","overlay-gradient":""},"tablet":{"background-color":"var(--ast-global-color-5)","background-image":"","background-repeat":"repeat","background-position":"center center","background-size":"auto","background-attachment":"scroll","background-type":"","background-media":"","overlay-type":"","overlay-color":"","overlay-opacity":"","overlay-gradient":""},"mobile":{"background-color":"var(--ast-global-color-5)","background-image":"","background-repeat":"repeat","background-position":"center center","background-size":"auto","background-attachment":"scroll","background-type":"","background-media":"","overlay-type":"","overlay-color":"","overlay-opacity":"","overlay-gradient":""}},"footnotes":""},"class_list":["post-310","page","type-page","status-publish","hentry"],"_links":{"self":[{"href":"https:\/\/www.friedmann-preis.org\/en\/wp-json\/wp\/v2\/pages\/310","targetHints":{"allow":["GET"]}}],"collection":[{"href":"https:\/\/www.friedmann-preis.org\/en\/wp-json\/wp\/v2\/pages"}],"about":[{"href":"https:\/\/www.friedmann-preis.org\/en\/wp-json\/wp\/v2\/types\/page"}],"author":[{"embeddable":true,"href":"https:\/\/www.friedmann-preis.org\/en\/wp-json\/wp\/v2\/users\/1"}],"replies":[{"embeddable":true,"href":"https:\/\/www.friedmann-preis.org\/en\/wp-json\/wp\/v2\/comments?post=310"}],"version-history":[{"count":13,"href":"https:\/\/www.friedmann-preis.org\/en\/wp-json\/wp\/v2\/pages\/310\/revisions"}],"predecessor-version":[{"id":350,"href":"https:\/\/www.friedmann-preis.org\/en\/wp-json\/wp\/v2\/pages\/310\/revisions\/350"}],"wp:attachment":[{"href":"https:\/\/www.friedmann-preis.org\/en\/wp-json\/wp\/v2\/media?parent=310"}],"curies":[{"name":"wp","href":"https:\/\/api.w.org\/{rel}","templated":true}]}}